{"id":2,"date":"2013-10-26T20:11:57","date_gmt":"2013-10-26T20:11:57","guid":{"rendered":"http:\/\/www.sorocabana.net\/pintando\/?page_id=2"},"modified":"2013-11-01T00:49:11","modified_gmt":"2013-11-01T00:49:11","slug":"sample-page","status":"publish","type":"page","link":"https:\/\/www.sorocabana.net\/pintando\/sample-page\/","title":{"rendered":"About \/ Acerca de Luis Andrade (Sparhawk)"},"content":{"rendered":"<h2>\u00bfQui\u00e9n es Luis E. Andrade?<\/h2>\n<p>Los a\u00f1os no pasan sin consecuencia. Habr\u00eda mucho para decir sobre mi. Sin embargo, poco es lo que interesa realmente.<\/p>\n<p>Soy originario de Montevideo, hermosa capital de la Rep\u00fablica Oriental del Uruguay. Paisito con un nombre formal que le llena a uno la boca pero que a la vez le da una imagen de grandeza que no cuadra con su tama\u00f1o f\u00edsico. Apropiado nombre tal vez para describir, en una bocanada inmensa, al coraz\u00f3n de su gente.<\/p>\n<p>Uruguay es un lugar en el que nac\u00ed, me cri\u00e9, eduqu\u00e9, tuve mis primeros amores y un buen d\u00eda me fui. Como tantos otros, antes y despu\u00e9s de mi, he sabido desprenderme corporalmente del Uruguay pero todav\u00eda no he aprendido como sacarme al pa\u00eds del alma. Soy mal estudiante y faltan ganas. Dudo que alguna vez pueda aprobar ese curso.<\/p>\n<p>Vivo en los EE.UU., pa\u00eds que, aunque con dificulatades iniciales, me abri\u00f3 una serie de puertas que me fueron cerradas en el Uruguay. Nada nuevo, por supuesto, todos los inmigrantes son el producto de puertas cerradas, el resto son turistas. En cuanto a sustento, me gano la vida en el ambiente mar\u00edtimo, negocio en el que he trabajado por m\u00e1s de veinte a\u00f1os. En este rubro tengo una peque\u00f1a agencia mar\u00edtima en el estado de New Jersey, sobre el rio Delaware, cerca de Filadelfia.<\/p>\n<p>La raz\u00f3n de este foro es que tengo algunas pasiones que quisiera compartir con gente de mi propio idioma natal. Estoy envuelto en el Internet desde antes de que se llamara as\u00ed. Por diez a\u00f1os he sido anfitri\u00f3n de listas de correo orientadas a gente de mi pais, algo que todav\u00eda mantengo funcionando. Sin embargo, con el correr de los a\u00f1os y el crecimiento en popularidad del Internet, la gente ha cambiado su atenci\u00f3n de los correos electr\u00f3nicos a la navegaci\u00f3n de la red. La noveler\u00eda de los correos electr\u00f3nicos, tomados independientemente del resto del Internet, ha desaparecido. El sistema completo ha madurado. El resultado es que las listas de correo se han secado. Lo que antes era un manantial de mensajes, ha pasado a ser un cuentagotas. La intenci\u00f3n es capturar el inter\u00e9s de la gente en aquellos lugares donde frecuentan m\u00e1s a menudo. El Web, por un futuro a mediano y quizas largo plazo, parece ser ese lugar.<\/p>\n<p>Otra cosa que considero es que la tem\u00e1tica de este foro no permite regionalismos. Aunque este sitio lleve un nombre popular uruguayo, lo que se va a conversar aqu\u00ed es una tem\u00e1tica universal. Por eso la intenci\u00f3n de que, con la \u00fanica condici\u00f3n de que en el foro se respete al espa\u00f1ol como el lenguaje m\u00e1s que menos oficial, las puertas est\u00e9n abiertas a todas las personas de habla hispana. Esto incluye, por supuesto, a aquellas personas que, aunque pertenecientes a otros idiomas natales, se aventuren a compartir pensamientos en espa\u00f1ol.<\/p>\n<p>Volviendo arriba, la tem\u00e1tica tiene que ver con mis pasiones personales: la buena literatura, el estudio del I Ching y los temas esot\u00e9ricos en general. Y porqu\u00e9 no, una buena discusi\u00f3n de lo que sea, entre amigos, es siempre bienvenida.<\/p>\n<p>Otros\u00a0<a title=\"mi Blog\" href=\"http:\/\/www.sorocabana.net\/blogs\/index.html\">lugares de este sitio<\/a>\u00a0hablan, muy subjetivamente, sobre algunas de mis pasiones y como llegu\u00e9 a ellas. Me disculpo de antemano de que mucho de ese material est\u00e9 en ingl\u00e9s. La raz\u00f3n de ello, aparte de la obvia de que vivo en un pa\u00eds de habla inglesa, es que tambi\u00e9n frecuento otros foros en ingl\u00e9s sobre los temas que se discuten aqu\u00ed y mucha gente de esos lugares frecuentan mi diario para leer lo que escribo. Este foro pretende tambi\u00e9n llenar un vacio en esta tem\u00e1tica, al menos perdibido por este servidor, en el idioma espa\u00f1ol. Por supuesto, lugares sobre literatura y esoter\u00edsmo abundan en espa\u00f1ol. Quiz\u00e1s hasta mezclados, como pasa aqu\u00ed. El problema es que no he encontrado ninguno que me contente. La \u00fanica soluci\u00f3n, como en muchas otras cosas, era inventarme uno propio.<\/p>\n<p>Esto, en lo que cabe en un pocillo de caf\u00e9, es Luis E. Andrade.<\/p>\n<p>&nbsp;<\/p>\n","protected":false},"excerpt":{"rendered":"<p>\u00bfQui\u00e9n es Luis E. Andrade? Los a\u00f1os no pasan sin consecuencia. Habr\u00eda mucho para decir sobre mi. Sin embargo, poco es lo que interesa realmente. Soy originario de Montevideo, hermosa capital de la Rep\u00fablica Oriental del Uruguay. Paisito con un nombre formal que le llena a uno la boca pero que a la vez le &hellip; <a href=\"https:\/\/www.sorocabana.net\/pintando\/sample-page\/\" class=\"more-link\">Continue reading <span class=\"screen-reader-text\">About \/ Acerca de Luis Andrade (Sparhawk)<\/span> <span class=\"meta-nav\">&rarr;<\/span><\/a><\/p>\n","protected":false},"author":1,"featured_media":0,"parent":0,"menu_order":0,"comment_status":"open","ping_status":"open","template":"","meta":{"jetpack_post_was_ever_published":false,"footnotes":""},"class_list":["post-2","page","type-page","status-publish","hentry"],"jetpack_sharing_enabled":true,"jetpack_shortlink":"https:\/\/wp.me\/P5EC9b-2","jetpack-related-posts":[],"_links":{"self":[{"href":"https:\/\/www.sorocabana.net\/pintando\/wp-json\/wp\/v2\/pages\/2","targetHints":{"allow":["GET"]}}],"collection":[{"href":"https:\/\/www.sorocabana.net\/pintando\/wp-json\/wp\/v2\/pages"}],"about":[{"href":"https:\/\/www.sorocabana.net\/pintando\/wp-json\/wp\/v2\/types\/page"}],"author":[{"embeddable":true,"href":"https:\/\/www.sorocabana.net\/pintando\/wp-json\/wp\/v2\/users\/1"}],"replies":[{"embeddable":true,"href":"https:\/\/www.sorocabana.net\/pintando\/wp-json\/wp\/v2\/comments?post=2"}],"version-history":[{"count":2,"href":"https:\/\/www.sorocabana.net\/pintando\/wp-json\/wp\/v2\/pages\/2\/revisions"}],"predecessor-version":[{"id":1079,"href":"https:\/\/www.sorocabana.net\/pintando\/wp-json\/wp\/v2\/pages\/2\/revisions\/1079"}],"wp:attachment":[{"href":"https:\/\/www.sorocabana.net\/pintando\/wp-json\/wp\/v2\/media?parent=2"}],"curies":[{"name":"wp","href":"https:\/\/api.w.org\/{rel}","templated":true}]}}